{"id":6,"date":"2013-04-13T18:37:20","date_gmt":"2013-04-13T18:37:20","guid":{"rendered":"http:\/\/wordpress.jotomi.de\/?page_id=6"},"modified":"2023-05-24T13:18:47","modified_gmt":"2023-05-24T13:18:47","slug":"ios-2","status":"publish","type":"page","link":"https:\/\/www.dictate-connect.com\/","title":{"rendered":"Apple iOS"},"content":{"rendered":"<p><a href=\"https:\/\/dictate-plus.com\/de\"><img loading=\"lazy\" decoding=\"async\" class=\"alignnone size-medium wp-image-573\" src=\"http:\/\/www.dictate-connect.com\/wp-content\/uploads\/2021\/03\/Dictate-Logo-1-300x125.jpg\" alt=\"\" width=\"300\" height=\"125\" srcset=\"https:\/\/www.dictate-connect.com\/wp-content\/uploads\/2021\/03\/Dictate-Logo-1-300x125.jpg 300w, https:\/\/www.dictate-connect.com\/wp-content\/uploads\/2021\/03\/Dictate-Logo-1-1024x427.jpg 1024w, https:\/\/www.dictate-connect.com\/wp-content\/uploads\/2021\/03\/Dictate-Logo-1-768x320.jpg 768w, https:\/\/www.dictate-connect.com\/wp-content\/uploads\/2021\/03\/Dictate-Logo-1-100x42.jpg 100w, https:\/\/www.dictate-connect.com\/wp-content\/uploads\/2021\/03\/Dictate-Logo-1-150x63.jpg 150w, https:\/\/www.dictate-connect.com\/wp-content\/uploads\/2021\/03\/Dictate-Logo-1-200x83.jpg 200w, https:\/\/www.dictate-connect.com\/wp-content\/uploads\/2021\/03\/Dictate-Logo-1-450x188.jpg 450w, https:\/\/www.dictate-connect.com\/wp-content\/uploads\/2021\/03\/Dictate-Logo-1-600x250.jpg 600w, https:\/\/www.dictate-connect.com\/wp-content\/uploads\/2021\/03\/Dictate-Logo-1-900x375.jpg 900w, https:\/\/www.dictate-connect.com\/wp-content\/uploads\/2021\/03\/Dictate-Logo-1.jpg 1440w\" sizes=\"auto, (max-width: 300px) 100vw, 300px\" \/><\/a><\/p>\r\n\r\n<p>Nach 12 Jahren im App Store haben wir am 02.03.2021 die neue Diktier-App <strong>Dictate\u207a<\/strong> als Nachfolger von Dictate + Connect ver\u00f6ffentlicht. Sie zeichnet sich unter anderem durch ein neues Design, eine komplett \u00fcberarbeite Diktierengine und zahlreiche Funktionserweiterungen, wie beispielsweise eine ordnerbasierte Verwaltung der Aufnahmen aus. Dictate\u207a bietet wie gewohnt fl\u00fcssiges Diktieren, hervorragende Tonqualit\u00e4t und zahlreiche \u00dcbertragungsm\u00f6glichkeiten, wie z.B. per E-Mail oder FTP f\u00fcr Diktate und Aufnahmen. Datensicherheit und Datenschutz standen bei der Neuentwicklung im Fokus. Sicherheit bieten AES-256-Verschl\u00fcsselung und Zugriffskontrolle.\u00a0<\/p>\r\n\r\n\r\n\r\n\r\n\r\n\r\n\r\n<p>Mehr Informationen zu <strong>Dictate\u207a<\/strong> erhalten Sie hier auf englisch <a href=\"http:\/\/www.dictate-plus.com\">www.dictate-plus.com<\/a> oder hier auf deutsch <a href=\"https:\/\/dictate-plus.com\/de\">www.dictate-plus.de<\/a><\/p>\r\n\r\n\r\n\r\n<p><img loading=\"lazy\" decoding=\"async\" class=\"alignnone  wp-image-599\" src=\"http:\/\/www.dictate-connect.com\/wp-content\/uploads\/2021\/09\/dictate-plus1-191x300.png\" alt=\"\" width=\"301\" height=\"473\" srcset=\"https:\/\/www.dictate-connect.com\/wp-content\/uploads\/2021\/09\/dictate-plus1-191x300.png 191w, https:\/\/www.dictate-connect.com\/wp-content\/uploads\/2021\/09\/dictate-plus1-100x157.png 100w, https:\/\/www.dictate-connect.com\/wp-content\/uploads\/2021\/09\/dictate-plus1-150x236.png 150w, https:\/\/www.dictate-connect.com\/wp-content\/uploads\/2021\/09\/dictate-plus1-200x315.png 200w, https:\/\/www.dictate-connect.com\/wp-content\/uploads\/2021\/09\/dictate-plus1-300x472.png 300w, https:\/\/www.dictate-connect.com\/wp-content\/uploads\/2021\/09\/dictate-plus1-450x708.png 450w, https:\/\/www.dictate-connect.com\/wp-content\/uploads\/2021\/09\/dictate-plus1.png 527w\" sizes=\"auto, (max-width: 301px) 100vw, 301px\" \/><\/p>","protected":false},"excerpt":{"rendered":"<p>Nach 12 Jahren im App Store haben wir am 02.03.2021 die neue Diktier-App Dictate\u207a als Nachfolger von Dictate + Connect ver\u00f6ffentlicht. Sie zeichnet sich unter anderem durch ein neues Design, eine komplett \u00fcberarbeite Diktierengine und zahlreiche Funktionserweiterungen, wie beispielsweise eine &hellip;<\/p>\n<p class=\"read-more\"> <a class=\"more-link\" href=\"https:\/\/www.dictate-connect.com\/\"> <span class=\"screen-reader-text\">Apple iOS<\/span> Weiterlesen &raquo;<\/a><\/p>\n","protected":false},"author":1,"featured_media":0,"parent":0,"menu_order":1,"comment_status":"closed","ping_status":"closed","template":"full-width-page.php","meta":{"footnotes":""},"class_list":["post-6","page","type-page","status-publish","hentry"],"_links":{"self":[{"href":"https:\/\/www.dictate-connect.com\/index.php?rest_route=\/wp\/v2\/pages\/6","targetHints":{"allow":["GET"]}}],"collection":[{"href":"https:\/\/www.dictate-connect.com\/index.php?rest_route=\/wp\/v2\/pages"}],"about":[{"href":"https:\/\/www.dictate-connect.com\/index.php?rest_route=\/wp\/v2\/types\/page"}],"author":[{"embeddable":true,"href":"https:\/\/www.dictate-connect.com\/index.php?rest_route=\/wp\/v2\/users\/1"}],"replies":[{"embeddable":true,"href":"https:\/\/www.dictate-connect.com\/index.php?rest_route=%2Fwp%2Fv2%2Fcomments&post=6"}],"version-history":[{"count":73,"href":"https:\/\/www.dictate-connect.com\/index.php?rest_route=\/wp\/v2\/pages\/6\/revisions"}],"predecessor-version":[{"id":607,"href":"https:\/\/www.dictate-connect.com\/index.php?rest_route=\/wp\/v2\/pages\/6\/revisions\/607"}],"wp:attachment":[{"href":"https:\/\/www.dictate-connect.com\/index.php?rest_route=%2Fwp%2Fv2%2Fmedia&parent=6"}],"curies":[{"name":"wp","href":"https:\/\/api.w.org\/{rel}","templated":true}]}}