{"id":28,"date":"2013-04-13T18:41:11","date_gmt":"2013-04-13T18:41:11","guid":{"rendered":"http:\/\/wordpress.jotomi.de\/?page_id=28"},"modified":"2025-01-06T16:30:02","modified_gmt":"2025-01-06T16:30:02","slug":"contact","status":"publish","type":"page","link":"https:\/\/www.dictate-connect.com\/?page_id=28","title":{"rendered":"Kontakt \/ Contact"},"content":{"rendered":"<p>JOTOMI Gesellschaft f\u00fcr Informationstechnologie mbH<\/p>\n<p>Sitz der Gesellschaft:<\/p>\n<p>Riedstra\u00dfe 9<br \/>\n88069 Tettnang<br \/>\nDeutschland<\/p>\n<p>Gesch\u00e4ftsf\u00fchrer: Joachim Raff, Michael Nagel<br \/>\nHRB 631656 Registergericht Ulm<br \/>\nUSt ID: DE 231017720<\/p>\n<p>Mail: <a href=\"mailto:info@jotomi.com\">info@jotomi.com<br \/>\n<\/a>Web: www.jotomi.com<br \/>\nTelefon: (+49) 07542\/9478621<\/p>\n<p>(c) 2025 JOTOMI GmbH Germany, All rights reserved<\/p>\n","protected":false},"excerpt":{"rendered":"<p>JOTOMI Gesellschaft f\u00fcr Informationstechnologie mbH Sitz der Gesellschaft: Riedstra\u00dfe 9 88069 Tettnang Deutschland Gesch\u00e4ftsf\u00fchrer: Joachim Raff, Michael Nagel HRB 631656 Registergericht Ulm USt ID: DE 231017720 Mail: info@jotomi.com Web: www.jotomi.com Telefon: (+49) 07542\/9478621 (c) 2025 JOTOMI GmbH Germany, All rights &hellip;<\/p>\n<p class=\"read-more\"> <a class=\"more-link\" href=\"https:\/\/www.dictate-connect.com\/?page_id=28\"> <span class=\"screen-reader-text\">Kontakt \/ Contact<\/span> Weiterlesen &raquo;<\/a><\/p>\n","protected":false},"author":1,"featured_media":0,"parent":0,"menu_order":6,"comment_status":"closed","ping_status":"closed","template":"full-width-page.php","meta":{"footnotes":""},"class_list":["post-28","page","type-page","status-publish","hentry"],"_links":{"self":[{"href":"https:\/\/www.dictate-connect.com\/index.php?rest_route=\/wp\/v2\/pages\/28","targetHints":{"allow":["GET"]}}],"collection":[{"href":"https:\/\/www.dictate-connect.com\/index.php?rest_route=\/wp\/v2\/pages"}],"about":[{"href":"https:\/\/www.dictate-connect.com\/index.php?rest_route=\/wp\/v2\/types\/page"}],"author":[{"embeddable":true,"href":"https:\/\/www.dictate-connect.com\/index.php?rest_route=\/wp\/v2\/users\/1"}],"replies":[{"embeddable":true,"href":"https:\/\/www.dictate-connect.com\/index.php?rest_route=%2Fwp%2Fv2%2Fcomments&post=28"}],"version-history":[{"count":34,"href":"https:\/\/www.dictate-connect.com\/index.php?rest_route=\/wp\/v2\/pages\/28\/revisions"}],"predecessor-version":[{"id":610,"href":"https:\/\/www.dictate-connect.com\/index.php?rest_route=\/wp\/v2\/pages\/28\/revisions\/610"}],"wp:attachment":[{"href":"https:\/\/www.dictate-connect.com\/index.php?rest_route=%2Fwp%2Fv2%2Fmedia&parent=28"}],"curies":[{"name":"wp","href":"https:\/\/api.w.org\/{rel}","templated":true}]}}