{"id":321,"date":"2014-03-11T22:28:19","date_gmt":"2014-03-11T22:28:19","guid":{"rendered":"http:\/\/www.dictate-connect.com\/?page_id=321"},"modified":"2025-01-06T16:33:40","modified_gmt":"2025-01-06T16:33:40","slug":"transcription","status":"publish","type":"page","link":"http:\/\/www.dictate-connect.com\/?page_id=321","title":{"rendered":"Transkription"},"content":{"rendered":"<p><!--:de--><\/p>\n<h2><\/h2>\n<h2>Software<\/h2>\n<p>F\u00fcr Windows (PC) und OS X (Mac) k\u00f6nnen Sie das Transkriptionssoftwareprodukte <a href=\"http:\/\/www.nch.com.au\/scribe\/de\/\" target=\"_blank\" rel=\"noopener\">Express Scribe<\/a>\u00a0nutzen.<\/p>\n<p>Alternativ dazu gibt es das Transkriptionssoftwareprodukt <a href=\"https:\/\/www.audiotranskription.de\/f4.htm\" target=\"_blank\" rel=\"noopener\">f4<\/a>.<\/p>\n<h1><\/h1>\n<h2><\/h2>\n<h2>Fu\u00dfschalter<\/h2>\n<p>Um die Diktate aus <strong>Dictate\u207a<\/strong> oder Dictate + Connect in Schriftform zu \u00fcbertragen, k\u00f6nnen Sie beispielsweise den Fu\u00dfschalter &#8222;Science II&#8220; von www.audiotranskription.de verwenden.<\/p>\n<h3><a href=\"https:\/\/www.audiotranskription.de\/shop\/schreibplatz-science-ii\/\" target=\"_blank\" rel=\"noopener\"><b>hier bestellen<\/b><\/a>.<\/h3>\n<p><!--:--><\/p>\n","protected":false},"excerpt":{"rendered":"<p>Software F\u00fcr Windows (PC) und OS X (Mac) k\u00f6nnen Sie das Transkriptionssoftwareprodukte Express Scribe\u00a0nutzen. Alternativ dazu gibt es das Transkriptionssoftwareprodukt f4. Fu\u00dfschalter Um die Diktate aus Dictate\u207a oder Dictate + Connect in Schriftform zu \u00fcbertragen, k\u00f6nnen Sie beispielsweise den Fu\u00dfschalter &hellip;<\/p>\n<p class=\"read-more\"> <a class=\"more-link\" href=\"http:\/\/www.dictate-connect.com\/?page_id=321\"> <span class=\"screen-reader-text\">Transkription<\/span> Weiterlesen &raquo;<\/a><\/p>\n","protected":false},"author":1,"featured_media":0,"parent":0,"menu_order":5,"comment_status":"closed","ping_status":"closed","template":"full-width-page.php","meta":{"footnotes":""},"class_list":["post-321","page","type-page","status-publish","hentry"],"_links":{"self":[{"href":"http:\/\/www.dictate-connect.com\/index.php?rest_route=\/wp\/v2\/pages\/321","targetHints":{"allow":["GET"]}}],"collection":[{"href":"http:\/\/www.dictate-connect.com\/index.php?rest_route=\/wp\/v2\/pages"}],"about":[{"href":"http:\/\/www.dictate-connect.com\/index.php?rest_route=\/wp\/v2\/types\/page"}],"author":[{"embeddable":true,"href":"http:\/\/www.dictate-connect.com\/index.php?rest_route=\/wp\/v2\/users\/1"}],"replies":[{"embeddable":true,"href":"http:\/\/www.dictate-connect.com\/index.php?rest_route=%2Fwp%2Fv2%2Fcomments&post=321"}],"version-history":[{"count":14,"href":"http:\/\/www.dictate-connect.com\/index.php?rest_route=\/wp\/v2\/pages\/321\/revisions"}],"predecessor-version":[{"id":611,"href":"http:\/\/www.dictate-connect.com\/index.php?rest_route=\/wp\/v2\/pages\/321\/revisions\/611"}],"wp:attachment":[{"href":"http:\/\/www.dictate-connect.com\/index.php?rest_route=%2Fwp%2Fv2%2Fmedia&parent=321"}],"curies":[{"name":"wp","href":"https:\/\/api.w.org\/{rel}","templated":true}]}}