{"id":134,"date":"2013-07-06T14:32:28","date_gmt":"2013-07-06T14:32:28","guid":{"rendered":"http:\/\/wordpress.jotomi.de\/?page_id=134"},"modified":"2021-09-13T10:11:35","modified_gmt":"2021-09-13T10:11:35","slug":"android","status":"publish","type":"page","link":"http:\/\/www.dictate-connect.com\/?page_id=134","title":{"rendered":"Google Android"},"content":{"rendered":"<p><!--:de-->Dictate + Connect&#8216; einzigartige Funktionen:<\/p>\n<ul>\n<li>Zur\u00fcckspulen, \u00fcbersprechen<\/li>\n<li>Blitzschnelle Aufnahmesteuerung<\/li>\n<li>Pr\u00e4zise Sprachaktivierung<\/li>\n<li>Intuitive, leicht verst\u00e4ndliche Benutzeroberfl\u00e4che<\/li>\n<li>Vielf\u00e4ltige Versandm\u00f6glichkeiten\u00a0(E-mail, FTP, WebDAV, SFTP, Dropbox, usw.)<\/li>\n<li>Komplett automatisierbarer Versand<\/li>\n<li>WAV, MP4<\/li>\n<\/ul>\n<p><a href=\"http:\/\/www.dictate-connect.com\/wp-content\/uploads\/2014\/08\/Aufnahme-DE.jpg\"><img loading=\"lazy\" decoding=\"async\" class=\"alignnone wp-image-405 size-medium\" style=\"border: 1px solid black;\" src=\"http:\/\/www.dictate-connect.com\/wp-content\/uploads\/2014\/08\/Aufnahme-DE-188x300.jpg\" alt=\"\" width=\"188\" height=\"300\" srcset=\"http:\/\/www.dictate-connect.com\/wp-content\/uploads\/2014\/08\/Aufnahme-DE-188x300.jpg 188w, http:\/\/www.dictate-connect.com\/wp-content\/uploads\/2014\/08\/Aufnahme-DE-644x1024.jpg 644w, http:\/\/www.dictate-connect.com\/wp-content\/uploads\/2014\/08\/Aufnahme-DE-150x238.jpg 150w, http:\/\/www.dictate-connect.com\/wp-content\/uploads\/2014\/08\/Aufnahme-DE-600x953.jpg 600w, http:\/\/www.dictate-connect.com\/wp-content\/uploads\/2014\/08\/Aufnahme-DE.jpg 768w\" sizes=\"auto, (max-width: 188px) 100vw, 188px\" \/><\/a>\u00a0 \u00a0<a href=\"http:\/\/www.dictate-connect.com\/wp-content\/uploads\/2014\/08\/Diktatliste-DE.jpg\"><img loading=\"lazy\" decoding=\"async\" class=\"alignnone wp-image-403 size-medium\" style=\"border: 1px solid black;\" src=\"http:\/\/www.dictate-connect.com\/wp-content\/uploads\/2014\/08\/Diktatliste-DE-188x300.jpg\" alt=\"\" width=\"188\" height=\"300\" srcset=\"http:\/\/www.dictate-connect.com\/wp-content\/uploads\/2014\/08\/Diktatliste-DE-188x300.jpg 188w, http:\/\/www.dictate-connect.com\/wp-content\/uploads\/2014\/08\/Diktatliste-DE-644x1024.jpg 644w, http:\/\/www.dictate-connect.com\/wp-content\/uploads\/2014\/08\/Diktatliste-DE-150x238.jpg 150w, http:\/\/www.dictate-connect.com\/wp-content\/uploads\/2014\/08\/Diktatliste-DE-600x953.jpg 600w, http:\/\/www.dictate-connect.com\/wp-content\/uploads\/2014\/08\/Diktatliste-DE.jpg 768w\" sizes=\"auto, (max-width: 188px) 100vw, 188px\" \/><\/a>\u00a0 \u00a0<a href=\"http:\/\/www.dictate-connect.com\/wp-content\/uploads\/2014\/08\/Details-DE.jpg\"><img loading=\"lazy\" decoding=\"async\" class=\"alignnone wp-image-404 size-medium\" style=\"border: 1px solid black;\" src=\"http:\/\/www.dictate-connect.com\/wp-content\/uploads\/2014\/08\/Details-DE-188x300.jpg\" alt=\"\" width=\"188\" height=\"300\" srcset=\"http:\/\/www.dictate-connect.com\/wp-content\/uploads\/2014\/08\/Details-DE-188x300.jpg 188w, http:\/\/www.dictate-connect.com\/wp-content\/uploads\/2014\/08\/Details-DE-644x1024.jpg 644w, http:\/\/www.dictate-connect.com\/wp-content\/uploads\/2014\/08\/Details-DE-150x238.jpg 150w, http:\/\/www.dictate-connect.com\/wp-content\/uploads\/2014\/08\/Details-DE-600x953.jpg 600w, http:\/\/www.dictate-connect.com\/wp-content\/uploads\/2014\/08\/Details-DE.jpg 768w\" sizes=\"auto, (max-width: 188px) 100vw, 188px\" \/><\/a>\u00a0 \u00a0<a href=\"http:\/\/www.dictate-connect.com\/wp-content\/uploads\/2014\/08\/Weitergabe-DE.jpg\"><img loading=\"lazy\" decoding=\"async\" class=\"alignnone wp-image-406 size-medium\" style=\"border: 1px solid black;\" src=\"http:\/\/www.dictate-connect.com\/wp-content\/uploads\/2014\/08\/Weitergabe-DE-188x300.jpg\" alt=\"\" width=\"188\" height=\"300\" srcset=\"http:\/\/www.dictate-connect.com\/wp-content\/uploads\/2014\/08\/Weitergabe-DE-188x300.jpg 188w, http:\/\/www.dictate-connect.com\/wp-content\/uploads\/2014\/08\/Weitergabe-DE-644x1024.jpg 644w, http:\/\/www.dictate-connect.com\/wp-content\/uploads\/2014\/08\/Weitergabe-DE-150x238.jpg 150w, http:\/\/www.dictate-connect.com\/wp-content\/uploads\/2014\/08\/Weitergabe-DE-600x953.jpg 600w, http:\/\/www.dictate-connect.com\/wp-content\/uploads\/2014\/08\/Weitergabe-DE.jpg 768w\" sizes=\"auto, (max-width: 188px) 100vw, 188px\" \/><\/a><\/p>\n<p><strong>Dictate + Connect f\u00fcr Android erhalten Sie\u00a0<a href=\"https:\/\/play.google.com\/store\/apps\/details?id=com.jotomi.dictation.full\" target=\"_blank\" rel=\"noopener\">hier<\/a>.<\/strong> <strong>Dictate + Connect Free f\u00fcr Android beziehen Sie\u00a0<a href=\"https:\/\/play.google.com\/store\/apps\/details?id=com.jotomi.dictation.free\" target=\"_blank\" rel=\"noopener\">hier<\/a>.<\/strong><\/p>\n<p><!--:--><!--:en-->Dictate\u00a0+ Connect&#8216; unique functionality:<\/p>\n<ul>\n<li>Rewind, overwrite<\/li>\n<li>Instant dictation controls<\/li>\n<li>Precise voice activation<\/li>\n<li>Intuitive, easy to understand user interface<\/li>\n<li>Lots of sharing methods (E-mail, FTP, WebDAV, SFTP, Dropbox, etc.)<\/li>\n<li>Completely automatable sharing<\/li>\n<li>WAV, MP4<\/li>\n<\/ul>\n<p><a href=\"http:\/\/www.dictate-connect.com\/wp-content\/uploads\/2014\/08\/Dictation.jpg\"><img loading=\"lazy\" decoding=\"async\" class=\"alignnone wp-image-401 size-medium\" style=\"border: 1px solid black;\" src=\"http:\/\/www.dictate-connect.com\/wp-content\/uploads\/2014\/08\/Dictation-188x300.jpg\" alt=\"\" width=\"188\" height=\"300\" srcset=\"http:\/\/www.dictate-connect.com\/wp-content\/uploads\/2014\/08\/Dictation-188x300.jpg 188w, http:\/\/www.dictate-connect.com\/wp-content\/uploads\/2014\/08\/Dictation-644x1024.jpg 644w, http:\/\/www.dictate-connect.com\/wp-content\/uploads\/2014\/08\/Dictation-150x238.jpg 150w, http:\/\/www.dictate-connect.com\/wp-content\/uploads\/2014\/08\/Dictation-600x953.jpg 600w, http:\/\/www.dictate-connect.com\/wp-content\/uploads\/2014\/08\/Dictation.jpg 768w\" sizes=\"auto, (max-width: 188px) 100vw, 188px\" \/><\/a>\u00a0 \u00a0<a href=\"http:\/\/www.dictate-connect.com\/wp-content\/uploads\/2014\/08\/DictationList.jpg\"><img loading=\"lazy\" decoding=\"async\" class=\"alignnone wp-image-400 size-medium\" style=\"border: 1px solid black;\" src=\"http:\/\/www.dictate-connect.com\/wp-content\/uploads\/2014\/08\/DictationList-188x300.jpg\" alt=\"\" width=\"188\" height=\"300\" srcset=\"http:\/\/www.dictate-connect.com\/wp-content\/uploads\/2014\/08\/DictationList-188x300.jpg 188w, http:\/\/www.dictate-connect.com\/wp-content\/uploads\/2014\/08\/DictationList-644x1024.jpg 644w, http:\/\/www.dictate-connect.com\/wp-content\/uploads\/2014\/08\/DictationList-150x238.jpg 150w, http:\/\/www.dictate-connect.com\/wp-content\/uploads\/2014\/08\/DictationList-600x953.jpg 600w, http:\/\/www.dictate-connect.com\/wp-content\/uploads\/2014\/08\/DictationList.jpg 768w\" sizes=\"auto, (max-width: 188px) 100vw, 188px\" \/><\/a>\u00a0 \u00a0<a href=\"http:\/\/www.dictate-connect.com\/wp-content\/uploads\/2014\/08\/Details.jpg\"><img loading=\"lazy\" decoding=\"async\" class=\"alignnone wp-image-399 size-medium\" style=\"border: 1px solid black;\" src=\"http:\/\/www.dictate-connect.com\/wp-content\/uploads\/2014\/08\/Details-188x300.jpg\" alt=\"\" width=\"188\" height=\"300\" srcset=\"http:\/\/www.dictate-connect.com\/wp-content\/uploads\/2014\/08\/Details-188x300.jpg 188w, http:\/\/www.dictate-connect.com\/wp-content\/uploads\/2014\/08\/Details-644x1024.jpg 644w, http:\/\/www.dictate-connect.com\/wp-content\/uploads\/2014\/08\/Details-150x238.jpg 150w, http:\/\/www.dictate-connect.com\/wp-content\/uploads\/2014\/08\/Details-600x953.jpg 600w, http:\/\/www.dictate-connect.com\/wp-content\/uploads\/2014\/08\/Details.jpg 768w\" sizes=\"auto, (max-width: 188px) 100vw, 188px\" \/><\/a>\u00a0 \u00a0<a href=\"http:\/\/www.dictate-connect.com\/wp-content\/uploads\/2014\/08\/Sharing2.jpg\"><img loading=\"lazy\" decoding=\"async\" class=\"alignnone wp-image-409 size-medium\" style=\"border: 1px solid black;\" src=\"http:\/\/www.dictate-connect.com\/wp-content\/uploads\/2014\/08\/Sharing2-188x300.jpg\" alt=\"\" width=\"188\" height=\"300\" srcset=\"http:\/\/www.dictate-connect.com\/wp-content\/uploads\/2014\/08\/Sharing2-188x300.jpg 188w, http:\/\/www.dictate-connect.com\/wp-content\/uploads\/2014\/08\/Sharing2-644x1024.jpg 644w, http:\/\/www.dictate-connect.com\/wp-content\/uploads\/2014\/08\/Sharing2-150x238.jpg 150w, http:\/\/www.dictate-connect.com\/wp-content\/uploads\/2014\/08\/Sharing2-600x953.jpg 600w, http:\/\/www.dictate-connect.com\/wp-content\/uploads\/2014\/08\/Sharing2.jpg 768w\" sizes=\"auto, (max-width: 188px) 100vw, 188px\" \/><\/a><\/p>\n<p><strong>Get your copy of Dictate + Connect for Android\u00a0<a href=\"https:\/\/play.google.com\/store\/apps\/details?id=com.jotomi.dictation.full\" target=\"_blank\" rel=\"noopener\">here<\/a>.<\/strong> <strong>Get Dictate + Connect Free for Android\u00a0<a href=\"https:\/\/play.google.com\/store\/apps\/details?id=com.jotomi.dictation.free\" target=\"_blank\" rel=\"noopener\">here<\/a>.<\/strong><\/p>\n<p><!--:--><\/p>\n","protected":false},"excerpt":{"rendered":"<p>Dictate + Connect&#8216; einzigartige Funktionen: Zur\u00fcckspulen, \u00fcbersprechen Blitzschnelle Aufnahmesteuerung Pr\u00e4zise Sprachaktivierung Intuitive, leicht verst\u00e4ndliche Benutzeroberfl\u00e4che Vielf\u00e4ltige Versandm\u00f6glichkeiten\u00a0(E-mail, FTP, WebDAV, SFTP, Dropbox, usw.) Komplett automatisierbarer Versand WAV, MP4 \u00a0 \u00a0\u00a0 \u00a0\u00a0 \u00a0 Dictate + Connect f\u00fcr Android erhalten Sie\u00a0hier. Dictate + &hellip;<\/p>\n<p class=\"read-more\"> <a class=\"more-link\" href=\"http:\/\/www.dictate-connect.com\/?page_id=134\"> <span class=\"screen-reader-text\">Google Android<\/span> Weiterlesen &raquo;<\/a><\/p>\n","protected":false},"author":1,"featured_media":0,"parent":0,"menu_order":3,"comment_status":"closed","ping_status":"closed","template":"full-width-page.php","meta":{"footnotes":""},"class_list":["post-134","page","type-page","status-publish","hentry"],"_links":{"self":[{"href":"http:\/\/www.dictate-connect.com\/index.php?rest_route=\/wp\/v2\/pages\/134","targetHints":{"allow":["GET"]}}],"collection":[{"href":"http:\/\/www.dictate-connect.com\/index.php?rest_route=\/wp\/v2\/pages"}],"about":[{"href":"http:\/\/www.dictate-connect.com\/index.php?rest_route=\/wp\/v2\/types\/page"}],"author":[{"embeddable":true,"href":"http:\/\/www.dictate-connect.com\/index.php?rest_route=\/wp\/v2\/users\/1"}],"replies":[{"embeddable":true,"href":"http:\/\/www.dictate-connect.com\/index.php?rest_route=%2Fwp%2Fv2%2Fcomments&post=134"}],"version-history":[{"count":38,"href":"http:\/\/www.dictate-connect.com\/index.php?rest_route=\/wp\/v2\/pages\/134\/revisions"}],"predecessor-version":[{"id":593,"href":"http:\/\/www.dictate-connect.com\/index.php?rest_route=\/wp\/v2\/pages\/134\/revisions\/593"}],"wp:attachment":[{"href":"http:\/\/www.dictate-connect.com\/index.php?rest_route=%2Fwp%2Fv2%2Fmedia&parent=134"}],"curies":[{"name":"wp","href":"https:\/\/api.w.org\/{rel}","templated":true}]}}